{"id":249,"date":"2021-03-03T21:17:35","date_gmt":"2021-03-03T20:17:35","guid":{"rendered":"https:\/\/www.wisdom-radar.eu\/?page_id=249"},"modified":"2021-03-29T14:21:46","modified_gmt":"2021-03-29T13:21:46","slug":"legal-notice-german-version","status":"publish","type":"page","link":"https:\/\/www.wisdom-radar.eu\/?page_id=249","title":{"rendered":"Legal Notice &#8211; German Version"},"content":{"rendered":"\t\t<div data-elementor-type=\"wp-post\" data-elementor-id=\"249\" class=\"elementor elementor-249\">\n\t\t\t\t\t\t<section class=\"elementor-section elementor-top-section elementor-element elementor-element-288b400 elementor-section-boxed elementor-section-height-default elementor-section-height-default\" data-id=\"288b400\" data-element_type=\"section\" data-e-type=\"section\">\n\t\t\t\t\t\t<div class=\"elementor-container elementor-column-gap-default\">\n\t\t\t\t\t<div class=\"elementor-column elementor-col-100 elementor-top-column elementor-element elementor-element-b2f763e\" data-id=\"b2f763e\" data-element_type=\"column\" data-e-type=\"column\">\n\t\t\t<div class=\"elementor-widget-wrap elementor-element-populated\">\n\t\t\t\t\t\t<div class=\"elementor-element elementor-element-ccaa66f elementor-widget elementor-widget-text-editor\" data-id=\"ccaa66f\" data-element_type=\"widget\" data-e-type=\"widget\" data-widget_type=\"text-editor.default\">\n\t\t\t\t<div class=\"elementor-widget-container\">\n\t\t\t\t\t\t\t\t\t<p><a href=\"https:\/\/www.wisdom-radar.eu\/?page_id=261\">Click here for English Version.<\/a><\/p>\t\t\t\t\t\t\t\t<\/div>\n\t\t\t\t<\/div>\n\t\t\t\t\t<\/div>\n\t\t<\/div>\n\t\t\t\t\t<\/div>\n\t\t<\/section>\n\t\t\t\t<section class=\"elementor-section elementor-top-section elementor-element elementor-element-4e2aa077 elementor-section-boxed elementor-section-height-default elementor-section-height-default\" data-id=\"4e2aa077\" data-element_type=\"section\" data-e-type=\"section\">\n\t\t\t\t\t\t<div class=\"elementor-container elementor-column-gap-default\">\n\t\t\t\t\t<div class=\"elementor-column elementor-col-100 elementor-top-column elementor-element elementor-element-4979aa9a\" data-id=\"4979aa9a\" data-element_type=\"column\" data-e-type=\"column\">\n\t\t\t<div class=\"elementor-widget-wrap elementor-element-populated\">\n\t\t\t\t\t\t<div class=\"elementor-element elementor-element-af0cd43 elementor-widget elementor-widget-heading\" data-id=\"af0cd43\" data-element_type=\"widget\" data-e-type=\"widget\" data-widget_type=\"heading.default\">\n\t\t\t\t<div class=\"elementor-widget-container\">\n\t\t\t\t\t<h1 class=\"elementor-heading-title elementor-size-large\">Impressum<\/h1>\t\t\t\t<\/div>\n\t\t\t\t<\/div>\n\t\t\t\t<div class=\"elementor-element elementor-element-4c1f34a elementor-widget elementor-widget-text-editor\" data-id=\"4c1f34a\" data-element_type=\"widget\" data-e-type=\"widget\" data-widget_type=\"text-editor.default\">\n\t\t\t\t<div class=\"elementor-widget-container\">\n\t\t\t\t\t\t\t\t\t<p>Es gilt das <a href=\"https:\/\/tu-dresden.de\/impressum\">Impressum der TU Dresden<\/a> mit folgenden Abweichungen:<\/p>\t\t\t\t\t\t\t\t<\/div>\n\t\t\t\t<\/div>\n\t\t\t\t<div class=\"elementor-element elementor-element-a2d5375 elementor-widget elementor-widget-heading\" data-id=\"a2d5375\" data-element_type=\"widget\" data-e-type=\"widget\" data-widget_type=\"heading.default\">\n\t\t\t\t<div class=\"elementor-widget-container\">\n\t\t\t\t\t<h3 class=\"elementor-heading-title elementor-size-default\">Verantwortlichkeiten<\/h3>\t\t\t\t<\/div>\n\t\t\t\t<\/div>\n\t\t\t\t<div class=\"elementor-element elementor-element-3b1a20c elementor-widget elementor-widget-text-editor\" data-id=\"3b1a20c\" data-element_type=\"widget\" data-e-type=\"widget\" data-widget_type=\"text-editor.default\">\n\t\t\t\t<div class=\"elementor-widget-container\">\n\t\t\t\t\t\t\t\t\t<p>Bei inhaltlichen Fragen wenden Sie sich bitte an:<\/p>\n<p>Prof. Dr.-Ing. Dirk Plettemeier<br \/>Technische Universit\u00e4t Dresden<br \/>DE &#8211; 01062 Dresden<\/p>\n<p>E-Mail: info@wisdom-radar.eu<br \/>web: <a href=\"https:\/\/tu-dresden.de\/ing\/elektrotechnik\/ifn\/hf\" target=\"_blank\" rel=\"noopener\">Professur Hochfrequenztechnik<\/a><\/p>\n<p>Tel: +49 351 463-33941<br \/>Fax: +49 351 463-37033<\/p>\n<p><strong>Technische Umsetzung:<\/strong> siehe oben<\/p>\t\t\t\t\t\t\t\t<\/div>\n\t\t\t\t<\/div>\n\t\t\t\t<div class=\"elementor-element elementor-element-8236638 elementor-widget elementor-widget-heading\" data-id=\"8236638\" data-element_type=\"widget\" data-e-type=\"widget\" data-widget_type=\"heading.default\">\n\t\t\t\t<div class=\"elementor-widget-container\">\n\t\t\t\t\t<h1 class=\"elementor-heading-title elementor-size-large\"><h1 class=\"elementor-heading-title elementor-size-large elementor-inline-editing pen\" data-elementor-setting-key=\"title\" data-pen-placeholder=\"Type Here...\">Datenschutzerkl\u00e4rung<\/h1><\/h1>\t\t\t\t<\/div>\n\t\t\t\t<\/div>\n\t\t\t\t<div class=\"elementor-element elementor-element-50e6e41 elementor-widget elementor-widget-text-editor\" data-id=\"50e6e41\" data-element_type=\"widget\" data-e-type=\"widget\" data-widget_type=\"text-editor.default\">\n\t\t\t\t<div class=\"elementor-widget-container\">\n\t\t\t\t\t\t\t\t\t<p>Die TU Dresden verarbeitet im Rahmen der Nutzung des \u00f6ffentlich zug\u00e4nglichen Webangebots (www.wisdom-radar.eu) personenbezogene Daten nur in Form von Cookies, die ausschlie\u00dflich zur Erbringung der Dienstleistung zwingend erforderlich sind. Das hei\u00dft insbesondere werden keine sogenannten Tracking-Cookies genutzt, um Nutzerbewegungen und das Surfverhalten der Nutzenden unserer Seite zu erfassen bzw.\u00a0 zu analysieren.<\/p>\t\t\t\t\t\t\t\t<\/div>\n\t\t\t\t<\/div>\n\t\t\t\t<div class=\"elementor-element elementor-element-8a08dcb elementor-widget elementor-widget-heading\" data-id=\"8a08dcb\" data-element_type=\"widget\" data-e-type=\"widget\" data-widget_type=\"heading.default\">\n\t\t\t\t<div class=\"elementor-widget-container\">\n\t\t\t\t\t<h3 class=\"elementor-heading-title elementor-size-default\">Rechtsgrundlage<\/h3>\t\t\t\t<\/div>\n\t\t\t\t<\/div>\n\t\t\t\t<div class=\"elementor-element elementor-element-a25dc8c elementor-widget elementor-widget-text-editor\" data-id=\"a25dc8c\" data-element_type=\"widget\" data-e-type=\"widget\" data-widget_type=\"text-editor.default\">\n\t\t\t\t<div class=\"elementor-widget-container\">\n\t\t\t\t\t\t\t\t\t<p>Rechtsgrundlage hierf\u00fcr ist Art. 6 Abs. 1 lit. f DSGVO.<\/p>\t\t\t\t\t\t\t\t<\/div>\n\t\t\t\t<\/div>\n\t\t\t\t<div class=\"elementor-element elementor-element-1106fb5 elementor-widget elementor-widget-heading\" data-id=\"1106fb5\" data-element_type=\"widget\" data-e-type=\"widget\" data-widget_type=\"heading.default\">\n\t\t\t\t<div class=\"elementor-widget-container\">\n\t\t\t\t\t<h3 class=\"elementor-heading-title elementor-size-default\">Rechte betroffener Personen <\/h3>\t\t\t\t<\/div>\n\t\t\t\t<\/div>\n\t\t\t\t<div class=\"elementor-element elementor-element-c9fa809 elementor-widget elementor-widget-text-editor\" data-id=\"c9fa809\" data-element_type=\"widget\" data-e-type=\"widget\" data-widget_type=\"text-editor.default\">\n\t\t\t\t<div class=\"elementor-widget-container\">\n\t\t\t\t\t\t\t\t\t<ul>\n<li>Sie haben das Recht, von der TU Dresden Auskunft \u00fcber die zu Ihrer Person gespeicherten Daten zu erhalten und\/oder unrichtig gespeicherte Daten berichtigen zu lassen.<\/li>\n<li>Sie haben das Recht auf L\u00f6schung oder auf Einschr\u00e4nkung der Verarbeitung oder ein Widerspruchsrecht gegen die Verarbeitung.<\/li>\n<li>Sie k\u00f6nnen sich jederzeit an den Datenschutzbeauftragten der TU Dresden wenden:<br \/>Technische Universit\u00e4t Dresden<br \/>Datenschutzbeauftragter<br \/>Jens Syckor<br \/>01062 Dresden<br \/>: +49 (0) 351 463 32839<br \/>Fax : +49 (0) 351 463 39718<br \/>E-Mail: <a href=\"mailto:informationssicherheit@tu-dresden.de\">informationssicherheit@tu-dresden.de<\/a><br \/><a href=\"https:\/\/tu-dresden.de\/informationssicherheit\">https:\/\/tu-dresden.de\/informationssicherheit<\/a><\/li>\n<li>Sie haben weiterhin das Recht auf Beschwerde bei einer Aufsichtsbeh\u00f6rde, wenn Sie der Ansicht sind, dass die Verarbeitung der Sie betreffenden personenbezogenen Daten gegen die Rechtsvorschriften verst\u00f6\u00dft. Die zust\u00e4ndige Aufsichtsbeh\u00f6rde f\u00fcr den Datenschutz ist:<br \/>S\u00e4chsischer Datenschutzbeauftragter<br \/>Postfach 11 01 32<br \/>01330 Dresden<br \/>E-Mail: <a href=\"mailto:saechsdsb@slt.sachsen.de\">saechsdsb@slt.sachsen.de<\/a><br \/>Telefon:+ 49 (0) 35185471 101<br \/>Telefax: + 49 (0)351\/85471 109<br \/><a href=\"http:\/\/www.datenschutz.sachsen.de\">datenschutz.sachsen.de<\/a><\/li>\n<\/ul>\t\t\t\t\t\t\t\t<\/div>\n\t\t\t\t<\/div>\n\t\t\t\t\t<\/div>\n\t\t<\/div>\n\t\t\t\t\t<\/div>\n\t\t<\/section>\n\t\t\t\t<\/div>\n\t\t","protected":false},"excerpt":{"rendered":"<p>Click here for English Version. Impressum Es gilt das Impressum der TU Dresden mit folgenden Abweichungen: Verantwortlichkeiten Bei inhaltlichen Fragen wenden Sie sich bitte an: Prof. Dr.-Ing. Dirk PlettemeierTechnische Universit\u00e4t DresdenDE &#8211; 01062 Dresden E-Mail: info@wisdom-radar.euweb: Professur Hochfrequenztechnik Tel: +49 351 463-33941Fax: +49 351 463-37033 Technische Umsetzung: siehe oben Datenschutzerkl\u00e4rung Die TU Dresden verarbeitet im [&hellip;]<\/p>\n","protected":false},"author":1,"featured_media":0,"parent":13,"menu_order":0,"comment_status":"closed","ping_status":"closed","template":"","meta":{"ocean_post_layout":"","ocean_both_sidebars_style":"","ocean_both_sidebars_content_width":0,"ocean_both_sidebars_sidebars_width":0,"ocean_sidebar":"0","ocean_second_sidebar":"0","ocean_disable_margins":"enable","ocean_add_body_class":"","ocean_shortcode_before_top_bar":"","ocean_shortcode_after_top_bar":"","ocean_shortcode_before_header":"","ocean_shortcode_after_header":"","ocean_has_shortcode":"","ocean_shortcode_after_title":"","ocean_shortcode_before_footer_widgets":"","ocean_shortcode_after_footer_widgets":"","ocean_shortcode_before_footer_bottom":"","ocean_shortcode_after_footer_bottom":"","ocean_display_top_bar":"default","ocean_display_header":"default","ocean_header_style":"","ocean_center_header_left_menu":"0","ocean_custom_header_template":"0","ocean_custom_logo":0,"ocean_custom_retina_logo":0,"ocean_custom_logo_max_width":0,"ocean_custom_logo_tablet_max_width":0,"ocean_custom_logo_mobile_max_width":0,"ocean_custom_logo_max_height":0,"ocean_custom_logo_tablet_max_height":0,"ocean_custom_logo_mobile_max_height":0,"ocean_header_custom_menu":"0","ocean_menu_typo_font_family":"0","ocean_menu_typo_font_subset":"","ocean_menu_typo_font_size":0,"ocean_menu_typo_font_size_tablet":0,"ocean_menu_typo_font_size_mobile":0,"ocean_menu_typo_font_size_unit":"px","ocean_menu_typo_font_weight":"","ocean_menu_typo_font_weight_tablet":"","ocean_menu_typo_font_weight_mobile":"","ocean_menu_typo_transform":"","ocean_menu_typo_transform_tablet":"","ocean_menu_typo_transform_mobile":"","ocean_menu_typo_line_height":0,"ocean_menu_typo_line_height_tablet":0,"ocean_menu_typo_line_height_mobile":0,"ocean_menu_typo_line_height_unit":"","ocean_menu_typo_spacing":0,"ocean_menu_typo_spacing_tablet":0,"ocean_menu_typo_spacing_mobile":0,"ocean_menu_typo_spacing_unit":"","ocean_menu_link_color":"","ocean_menu_link_color_hover":"","ocean_menu_link_color_active":"","ocean_menu_link_background":"","ocean_menu_link_hover_background":"","ocean_menu_link_active_background":"","ocean_menu_social_links_bg":"","ocean_menu_social_hover_links_bg":"","ocean_menu_social_links_color":"","ocean_menu_social_hover_links_color":"","ocean_disable_title":"default","ocean_disable_heading":"default","ocean_post_title":"","ocean_post_subheading":"","ocean_post_title_style":"","ocean_post_title_background_color":"","ocean_post_title_background":0,"ocean_post_title_bg_image_position":"","ocean_post_title_bg_image_attachment":"","ocean_post_title_bg_image_repeat":"","ocean_post_title_bg_image_size":"","ocean_post_title_height":0,"ocean_post_title_bg_overlay":0.5,"ocean_post_title_bg_overlay_color":"","ocean_disable_breadcrumbs":"default","ocean_breadcrumbs_color":"","ocean_breadcrumbs_separator_color":"","ocean_breadcrumbs_links_color":"","ocean_breadcrumbs_links_hover_color":"","ocean_display_footer_widgets":"default","ocean_display_footer_bottom":"default","ocean_custom_footer_template":"0","footnotes":""},"class_list":["post-249","page","type-page","status-publish","hentry","entry"],"_links":{"self":[{"href":"https:\/\/www.wisdom-radar.eu\/index.php?rest_route=\/wp\/v2\/pages\/249","targetHints":{"allow":["GET"]}}],"collection":[{"href":"https:\/\/www.wisdom-radar.eu\/index.php?rest_route=\/wp\/v2\/pages"}],"about":[{"href":"https:\/\/www.wisdom-radar.eu\/index.php?rest_route=\/wp\/v2\/types\/page"}],"author":[{"embeddable":true,"href":"https:\/\/www.wisdom-radar.eu\/index.php?rest_route=\/wp\/v2\/users\/1"}],"replies":[{"embeddable":true,"href":"https:\/\/www.wisdom-radar.eu\/index.php?rest_route=%2Fwp%2Fv2%2Fcomments&post=249"}],"version-history":[{"count":23,"href":"https:\/\/www.wisdom-radar.eu\/index.php?rest_route=\/wp\/v2\/pages\/249\/revisions"}],"predecessor-version":[{"id":441,"href":"https:\/\/www.wisdom-radar.eu\/index.php?rest_route=\/wp\/v2\/pages\/249\/revisions\/441"}],"up":[{"embeddable":true,"href":"https:\/\/www.wisdom-radar.eu\/index.php?rest_route=\/wp\/v2\/pages\/13"}],"wp:attachment":[{"href":"https:\/\/www.wisdom-radar.eu\/index.php?rest_route=%2Fwp%2Fv2%2Fmedia&parent=249"}],"curies":[{"name":"wp","href":"https:\/\/api.w.org\/{rel}","templated":true}]}}