{"id":292,"date":"2021-03-04T09:40:19","date_gmt":"2021-03-04T08:40:19","guid":{"rendered":"https:\/\/www.wisdom-radar.eu\/?page_id=292"},"modified":"2023-05-15T21:55:49","modified_gmt":"2023-05-15T20:55:49","slug":"accessibility-german-version","status":"publish","type":"page","link":"https:\/\/www.wisdom-radar.eu\/?page_id=292","title":{"rendered":"Accessibility &#8211; German Version"},"content":{"rendered":"\t\t<div data-elementor-type=\"wp-post\" data-elementor-id=\"292\" class=\"elementor elementor-292\">\n\t\t\t\t\t\t<section class=\"elementor-section elementor-top-section elementor-element elementor-element-288b400 elementor-section-boxed elementor-section-height-default elementor-section-height-default\" data-id=\"288b400\" data-element_type=\"section\" data-e-type=\"section\">\n\t\t\t\t\t\t<div class=\"elementor-container elementor-column-gap-default\">\n\t\t\t\t\t<div class=\"elementor-column elementor-col-100 elementor-top-column elementor-element elementor-element-b2f763e\" data-id=\"b2f763e\" data-element_type=\"column\" data-e-type=\"column\">\n\t\t\t<div class=\"elementor-widget-wrap elementor-element-populated\">\n\t\t\t\t\t\t<div class=\"elementor-element elementor-element-ccaa66f elementor-widget elementor-widget-text-editor\" data-id=\"ccaa66f\" data-element_type=\"widget\" data-e-type=\"widget\" data-widget_type=\"text-editor.default\">\n\t\t\t\t<div class=\"elementor-widget-container\">\n\t\t\t\t\t\t\t\t\t<p><a href=\"https:\/\/www.wisdom-radar.eu\/?page_id=276\">Click here for English Version.<\/a><\/p>\t\t\t\t\t\t\t\t<\/div>\n\t\t\t\t<\/div>\n\t\t\t\t\t<\/div>\n\t\t<\/div>\n\t\t\t\t\t<\/div>\n\t\t<\/section>\n\t\t\t\t<section class=\"elementor-section elementor-top-section elementor-element elementor-element-4e2aa077 elementor-section-boxed elementor-section-height-default elementor-section-height-default\" data-id=\"4e2aa077\" data-element_type=\"section\" data-e-type=\"section\">\n\t\t\t\t\t\t<div class=\"elementor-container elementor-column-gap-default\">\n\t\t\t\t\t<div class=\"elementor-column elementor-col-100 elementor-top-column elementor-element elementor-element-4979aa9a\" data-id=\"4979aa9a\" data-element_type=\"column\" data-e-type=\"column\">\n\t\t\t<div class=\"elementor-widget-wrap elementor-element-populated\">\n\t\t\t\t\t\t<div class=\"elementor-element elementor-element-4fa0407 elementor-widget elementor-widget-heading\" data-id=\"4fa0407\" data-element_type=\"widget\" data-e-type=\"widget\" data-widget_type=\"heading.default\">\n\t\t\t\t<div class=\"elementor-widget-container\">\n\t\t\t\t\t<h1 class=\"elementor-heading-title elementor-size-large\">Erkl\u00e4rung zur Barrierefreiheit<\/h1>\t\t\t\t<\/div>\n\t\t\t\t<\/div>\n\t\t\t\t<div class=\"elementor-element elementor-element-4c1f34a elementor-widget elementor-widget-text-editor\" data-id=\"4c1f34a\" data-element_type=\"widget\" data-e-type=\"widget\" data-widget_type=\"text-editor.default\">\n\t\t\t\t<div class=\"elementor-widget-container\">\n\t\t\t\t\t\t\t\t\t<p>Diese Erkl\u00e4rung zur Barrierefreiheit gilt f\u00fcr die unter <a href=\"http:\/\/www.wisdom-radar.eu\">www.wisdom-radar.eu<\/a> ver\u00f6ffentlichte Webseite.<\/p>\n<p>Die Professur f\u00fcr Hochfrequenztechnik der TU Dresden ist bem\u00fcht, ihre Websites und mobilen Anwendungen im Einklang mit den Bestimmungen des Barrierefreie-Websites-Gesetz (BfWebG) sowie in Verbindung mit der Barrierefreie-Informationstechnik-Verordnung (BITV 2.0) barrierefrei zug\u00e4nglich zu machen.<\/p>\t\t\t\t\t\t\t\t<\/div>\n\t\t\t\t<\/div>\n\t\t\t\t<div class=\"elementor-element elementor-element-a2d5375 elementor-widget elementor-widget-heading\" data-id=\"a2d5375\" data-element_type=\"widget\" data-e-type=\"widget\" data-widget_type=\"heading.default\">\n\t\t\t\t<div class=\"elementor-widget-container\">\n\t\t\t\t\t<h2 class=\"elementor-heading-title elementor-size-default\">Erstellung dieser Erkl\u00e4rung zur Barrierefreiheit<\/h2>\t\t\t\t<\/div>\n\t\t\t\t<\/div>\n\t\t\t\t<div class=\"elementor-element elementor-element-3b1a20c elementor-widget elementor-widget-text-editor\" data-id=\"3b1a20c\" data-element_type=\"widget\" data-e-type=\"widget\" data-widget_type=\"text-editor.default\">\n\t\t\t\t<div class=\"elementor-widget-container\">\n\t\t\t\t\t\t\t\t\t<p>Diese Erkl\u00e4rung wurde am 4.3.2021 erstellt und zuletzt am 15.5.2023 aktualisiert. Grundlage der Erstellung dieser Erkl\u00e4rung zur Barrierefreiheit ist eine von der TU Dresden durchgef\u00fchrte Selbstbewertung.<\/p>\t\t\t\t\t\t\t\t<\/div>\n\t\t\t\t<\/div>\n\t\t\t\t<div class=\"elementor-element elementor-element-8236638 elementor-widget elementor-widget-heading\" data-id=\"8236638\" data-element_type=\"widget\" data-e-type=\"widget\" data-widget_type=\"heading.default\">\n\t\t\t\t<div class=\"elementor-widget-container\">\n\t\t\t\t\t<h2 class=\"elementor-heading-title elementor-size-large\">Stand der Vereinbarkeit mit den Anforderungen der BITV<\/h2>\t\t\t\t<\/div>\n\t\t\t\t<\/div>\n\t\t\t\t<div class=\"elementor-element elementor-element-50e6e41 elementor-widget elementor-widget-text-editor\" data-id=\"50e6e41\" data-element_type=\"widget\" data-e-type=\"widget\" data-widget_type=\"text-editor.default\">\n\t\t\t\t<div class=\"elementor-widget-container\">\n\t\t\t\t\t\t\t\t\t<p>Es wurde bisher noch kein vollumf\u00e4nglicher BITV-Test f\u00fcr die Webseite durchgef\u00fchrt. Dieser ist f\u00fcr Juli 2024 geplant.<\/p>\n<p>Die im Rahmen der durchgef\u00fchrten Selbstbewertung der TU Dresden gefundenen Barrieren wurden bereits behoben. Damit erf\u00fcllt diese Webseite zum eine \u00fcberwiegend gro\u00dfen Teil die Vorgaben des BfWebG in Verbindung mit der BITV 2.0.<\/p>\t\t\t\t\t\t\t\t<\/div>\n\t\t\t\t<\/div>\n\t\t\t\t<div class=\"elementor-element elementor-element-1106fb5 elementor-widget elementor-widget-heading\" data-id=\"1106fb5\" data-element_type=\"widget\" data-e-type=\"widget\" data-widget_type=\"heading.default\">\n\t\t\t\t<div class=\"elementor-widget-container\">\n\t\t\t\t\t<h2 class=\"elementor-heading-title elementor-size-default\">Kontakt<\/h2>\t\t\t\t<\/div>\n\t\t\t\t<\/div>\n\t\t\t\t<div class=\"elementor-element elementor-element-c9fa809 elementor-widget elementor-widget-text-editor\" data-id=\"c9fa809\" data-element_type=\"widget\" data-e-type=\"widget\" data-widget_type=\"text-editor.default\">\n\t\t\t\t<div class=\"elementor-widget-container\">\n\t\t\t\t\t\t\t\t\t<p>Sollten Ihnen M\u00e4ngel in Bezug auf die barrierefreie Gestaltung auffallen, wenden Sie sich bitte an <a href=\"mailto:info@wisdom-radar.eu\">info@wisdom-radar.eu<\/a> oder telefonisch unter +49 351 463-33941.<\/p>\t\t\t\t\t\t\t\t<\/div>\n\t\t\t\t<\/div>\n\t\t\t\t<div class=\"elementor-element elementor-element-0273128 elementor-widget elementor-widget-heading\" data-id=\"0273128\" data-element_type=\"widget\" data-e-type=\"widget\" data-widget_type=\"heading.default\">\n\t\t\t\t<div class=\"elementor-widget-container\">\n\t\t\t\t\t<h2 class=\"elementor-heading-title elementor-size-default\">Durchsetzungsverfahren<\/h2>\t\t\t\t<\/div>\n\t\t\t\t<\/div>\n\t\t\t\t<div class=\"elementor-element elementor-element-6d0cc2c elementor-widget elementor-widget-text-editor\" data-id=\"6d0cc2c\" data-element_type=\"widget\" data-e-type=\"widget\" data-widget_type=\"text-editor.default\">\n\t\t\t\t<div class=\"elementor-widget-container\">\n\t\t\t\t\t\t\t\t\t<p>Wenn wir Ihre R\u00fcckmeldungen aus Ihrer Sicht nicht befriedigend bearbeiten, k\u00f6nnen Sie sich an die <em>S\u00e4chsische Durchsetzungsstelle<\/em> wenden:<\/p>\n<p>Beauftragter der S\u00e4chsischen Staatsregierung f\u00fcr die Belange von Menschen mit Behinderungen<br \/>Albertstra\u00dfe 10, 01097 Dresden<\/p>\n<p>Postanschrift: Archivstra\u00dfe 1, 01097 Dresden<br \/>E-Mail: <a href=\"mailto:info.behindertenbeauftragter@sk.sachsen.de\">info.behindertenbeauftragter@sk.sachsen.de<\/a><br \/>Telefon: <a href=\"tel:035156412161\">0351 564-12161<\/a><br \/>Fax: 0351 564-12169<br \/>Webseite: <a href=\"https:\/\/www.inklusion.sachsen.de\">https:\/\/www.inklusion.sachsen.de<\/a><\/p>\t\t\t\t\t\t\t\t<\/div>\n\t\t\t\t<\/div>\n\t\t\t\t\t<\/div>\n\t\t<\/div>\n\t\t\t\t\t<\/div>\n\t\t<\/section>\n\t\t\t\t<\/div>\n\t\t","protected":false},"excerpt":{"rendered":"<p>Click here for English Version. Erkl\u00e4rung zur Barrierefreiheit Diese Erkl\u00e4rung zur Barrierefreiheit gilt f\u00fcr die unter www.wisdom-radar.eu ver\u00f6ffentlichte Webseite. Die Professur f\u00fcr Hochfrequenztechnik der TU Dresden ist bem\u00fcht, ihre Websites und mobilen Anwendungen im Einklang mit den Bestimmungen des Barrierefreie-Websites-Gesetz (BfWebG) sowie in Verbindung mit der Barrierefreie-Informationstechnik-Verordnung (BITV 2.0) barrierefrei zug\u00e4nglich zu machen. Erstellung dieser [&hellip;]<\/p>\n","protected":false},"author":1,"featured_media":0,"parent":13,"menu_order":0,"comment_status":"closed","ping_status":"closed","template":"","meta":{"ocean_post_layout":"","ocean_both_sidebars_style":"","ocean_both_sidebars_content_width":0,"ocean_both_sidebars_sidebars_width":0,"ocean_sidebar":"0","ocean_second_sidebar":"0","ocean_disable_margins":"enable","ocean_add_body_class":"","ocean_shortcode_before_top_bar":"","ocean_shortcode_after_top_bar":"","ocean_shortcode_before_header":"","ocean_shortcode_after_header":"","ocean_has_shortcode":"","ocean_shortcode_after_title":"","ocean_shortcode_before_footer_widgets":"","ocean_shortcode_after_footer_widgets":"","ocean_shortcode_before_footer_bottom":"","ocean_shortcode_after_footer_bottom":"","ocean_display_top_bar":"default","ocean_display_header":"default","ocean_header_style":"","ocean_center_header_left_menu":"0","ocean_custom_header_template":"0","ocean_custom_logo":0,"ocean_custom_retina_logo":0,"ocean_custom_logo_max_width":0,"ocean_custom_logo_tablet_max_width":0,"ocean_custom_logo_mobile_max_width":0,"ocean_custom_logo_max_height":0,"ocean_custom_logo_tablet_max_height":0,"ocean_custom_logo_mobile_max_height":0,"ocean_header_custom_menu":"0","ocean_menu_typo_font_family":"0","ocean_menu_typo_font_subset":"","ocean_menu_typo_font_size":0,"ocean_menu_typo_font_size_tablet":0,"ocean_menu_typo_font_size_mobile":0,"ocean_menu_typo_font_size_unit":"px","ocean_menu_typo_font_weight":"","ocean_menu_typo_font_weight_tablet":"","ocean_menu_typo_font_weight_mobile":"","ocean_menu_typo_transform":"","ocean_menu_typo_transform_tablet":"","ocean_menu_typo_transform_mobile":"","ocean_menu_typo_line_height":0,"ocean_menu_typo_line_height_tablet":0,"ocean_menu_typo_line_height_mobile":0,"ocean_menu_typo_line_height_unit":"","ocean_menu_typo_spacing":0,"ocean_menu_typo_spacing_tablet":0,"ocean_menu_typo_spacing_mobile":0,"ocean_menu_typo_spacing_unit":"","ocean_menu_link_color":"","ocean_menu_link_color_hover":"","ocean_menu_link_color_active":"","ocean_menu_link_background":"","ocean_menu_link_hover_background":"","ocean_menu_link_active_background":"","ocean_menu_social_links_bg":"","ocean_menu_social_hover_links_bg":"","ocean_menu_social_links_color":"","ocean_menu_social_hover_links_color":"","ocean_disable_title":"default","ocean_disable_heading":"default","ocean_post_title":"","ocean_post_subheading":"","ocean_post_title_style":"","ocean_post_title_background_color":"","ocean_post_title_background":0,"ocean_post_title_bg_image_position":"","ocean_post_title_bg_image_attachment":"","ocean_post_title_bg_image_repeat":"","ocean_post_title_bg_image_size":"","ocean_post_title_height":0,"ocean_post_title_bg_overlay":0.5,"ocean_post_title_bg_overlay_color":"","ocean_disable_breadcrumbs":"default","ocean_breadcrumbs_color":"","ocean_breadcrumbs_separator_color":"","ocean_breadcrumbs_links_color":"","ocean_breadcrumbs_links_hover_color":"","ocean_display_footer_widgets":"default","ocean_display_footer_bottom":"default","ocean_custom_footer_template":"0","footnotes":""},"class_list":["post-292","page","type-page","status-publish","hentry","entry"],"_links":{"self":[{"href":"https:\/\/www.wisdom-radar.eu\/index.php?rest_route=\/wp\/v2\/pages\/292","targetHints":{"allow":["GET"]}}],"collection":[{"href":"https:\/\/www.wisdom-radar.eu\/index.php?rest_route=\/wp\/v2\/pages"}],"about":[{"href":"https:\/\/www.wisdom-radar.eu\/index.php?rest_route=\/wp\/v2\/types\/page"}],"author":[{"embeddable":true,"href":"https:\/\/www.wisdom-radar.eu\/index.php?rest_route=\/wp\/v2\/users\/1"}],"replies":[{"embeddable":true,"href":"https:\/\/www.wisdom-radar.eu\/index.php?rest_route=%2Fwp%2Fv2%2Fcomments&post=292"}],"version-history":[{"count":32,"href":"https:\/\/www.wisdom-radar.eu\/index.php?rest_route=\/wp\/v2\/pages\/292\/revisions"}],"predecessor-version":[{"id":483,"href":"https:\/\/www.wisdom-radar.eu\/index.php?rest_route=\/wp\/v2\/pages\/292\/revisions\/483"}],"up":[{"embeddable":true,"href":"https:\/\/www.wisdom-radar.eu\/index.php?rest_route=\/wp\/v2\/pages\/13"}],"wp:attachment":[{"href":"https:\/\/www.wisdom-radar.eu\/index.php?rest_route=%2Fwp%2Fv2%2Fmedia&parent=292"}],"curies":[{"name":"wp","href":"https:\/\/api.w.org\/{rel}","templated":true}]}}